{"id":853,"date":"2019-06-03T13:04:38","date_gmt":"2019-06-03T13:04:38","guid":{"rendered":"https:\/\/www.lepotamd.com\/?page_id=853"},"modified":"2019-06-03T13:11:12","modified_gmt":"2019-06-03T13:11:12","slug":"angolo-di-bellezza","status":"publish","type":"page","link":"https:\/\/www.lepotamd.com\/it\/servizi\/angolo-di-bellezza\/","title":{"rendered":"Angolo di bellezza"},"content":{"rendered":"<p>[et_pb_section fb_built=&#8221;1&#8243; custom_padding_last_edited=&#8221;on|phone&#8221; admin_label=&#8221;Header&#8221; _builder_version=&#8221;3.22.3&#8243; use_background_color_gradient=&#8221;on&#8221; background_color_gradient_start=&#8221;rgba(0,0,0,0)&#8221; background_color_gradient_end=&#8221;rgba(0,0,0,0.69)&#8221; background_color_gradient_direction=&#8221;183deg&#8221; background_color_gradient_start_position=&#8221;62%&#8221; background_color_gradient_overlays_image=&#8221;on&#8221; background_image=&#8221;https:\/\/www.lepotamd.com\/wp-content\/uploads\/2019\/04\/lepotni-koticek-7.jpg&#8221; background_blend=&#8221;multiply&#8221; border_radii=&#8221;||||16vw&#8221; box_shadow_style=&#8221;preset2&#8243; custom_padding=&#8221;0px||0|0px|false|false&#8221; custom_padding_phone=&#8221;|||&#8221; animation_style=&#8221;slide&#8221; animation_intensity_slide=&#8221;12%&#8221; animation_starting_opacity=&#8221;5%&#8221; animation_speed_curve=&#8221;ease-out&#8221; saved_tabs=&#8221;all&#8221;][et_pb_row use_custom_gutter=&#8221;on&#8221; gutter_width=&#8221;1&#8243; custom_padding=&#8221;12px|31px|12px||true&#8221; custom_margin=&#8221;||10vw&#8221; disabled_on=&#8221;on|on|off&#8221; _builder_version=&#8221;3.22.3&#8243; background_color=&#8221;#282828&#8243; border_radii=&#8221;||||110px&#8221; box_shadow_style=&#8221;preset1&#8243; box_shadow_horizontal=&#8221;-9px&#8221; box_shadow_vertical=&#8221;8px&#8221; box_shadow_blur=&#8221;16px&#8221; max_width=&#8221;739px&#8221; module_alignment=&#8221;right&#8221; animation_style=&#8221;slide&#8221; animation_direction=&#8221;right&#8221; animation_delay=&#8221;300ms&#8221; animation_intensity_slide=&#8221;6%&#8221; use_custom_width=&#8221;on&#8221; custom_width_px=&#8221;739px&#8221;][et_pb_column type=&#8221;4_4&#8243; _builder_version=&#8221;3.21.1&#8243;][et_pb_text _builder_version=&#8221;3.22.7&#8243; text_font=&#8221;|600|||||||&#8221; text_text_color=&#8221;#c09e6f&#8221; link_font=&#8221;||||||||&#8221; link_text_color=&#8221;#c09e6f&#8221; text_orientation=&#8221;right&#8221;]<i class=\"fas fa-phone\"><\/i> <a href=\"tel:+ 386 64 117 111\">+386 64 117 111<\/a>\u00a0\u00a0\u00a0\/\/\u00a0\u00a0\u00a0<i class=\"fas fa-envelope\"><\/i> <a href=\"mailto:info@salonlepotamd.si\">info@salonlepotamd.si<\/a>\u00a0\u00a0\u00a0\/\/\u00a0\u00a0\u00a0<i class=\"fas fa-clock\"><\/i> <a href=\"#contatto\">Orari di apertura<\/a>[\/et_pb_text][\/et_pb_column][\/et_pb_row][et_pb_row use_custom_gutter=&#8221;on&#8221; gutter_width=&#8221;1&#8243; custom_padding=&#8221;12px|31px|12px||true&#8221; custom_margin=&#8221;||10vw&#8221; disabled_on=&#8221;off|off|on&#8221; _builder_version=&#8221;3.22.3&#8243; background_color=&#8221;#282828&#8243; border_radii=&#8221;||||110px&#8221; box_shadow_style=&#8221;preset1&#8243; box_shadow_horizontal=&#8221;-9px&#8221; box_shadow_vertical=&#8221;8px&#8221; box_shadow_blur=&#8221;16px&#8221; max_width=&#8221;739px&#8221; module_alignment=&#8221;right&#8221; custom_margin_tablet=&#8221;||31vw&#8221; custom_margin_last_edited=&#8221;on|tablet&#8221; animation_style=&#8221;slide&#8221; animation_direction=&#8221;right&#8221; animation_delay=&#8221;300ms&#8221; animation_intensity_slide=&#8221;6%&#8221; use_custom_width=&#8221;on&#8221; custom_width_px=&#8221;739px&#8221;][et_pb_column type=&#8221;4_4&#8243; _builder_version=&#8221;3.21.1&#8243;][et_pb_text _builder_version=&#8221;3.22.7&#8243; text_font=&#8221;|600|||||||&#8221; text_text_color=&#8221;#c09e6f&#8221; link_font=&#8221;||||||||&#8221; link_text_align=&#8221;right&#8221; link_text_color=&#8221;#c09e6f&#8221; text_orientation=&#8221;justified&#8221;]<\/p>\n<p style=\"text-align: right;\"><a href=\"tel: +386 64 117 111\">+386 64 117 111<\/a> <i class=\"fas fa-phone\"><\/i><br \/>\n<a href=\"mailto:info@salonlepotamd.si\">info@salonlepotamd.si<\/a> <i class=\"fas fa-envelope\"><\/i><\/p>\n<p>[\/et_pb_text][\/et_pb_column][\/et_pb_row][et_pb_row use_custom_gutter=&#8221;on&#8221; gutter_width=&#8221;1&#8243; custom_padding=&#8221;17px|0px|0px||false|false&#8221; custom_padding_tablet=&#8221;|||0vw&#8221; custom_margin=&#8221;|||&#8221; make_equal=&#8221;on&#8221; custom_padding_last_edited=&#8221;on|desktop&#8221; background_color_4=&#8221;#f27d9c&#8221; padding_top_bottom_link_1=&#8221;true&#8221; padding_top_bottom_link_2=&#8221;true&#8221; padding_left_right_link_1=&#8221;false&#8221; use_background_color_gradient_1=&#8221;off&#8221; background_color_gradient_start_1=&#8221;#2b87da&#8221; background_color_gradient_end_1=&#8221;#29c4a9&#8243; background_color_gradient_direction_1=&#8221;180deg&#8221; background_color_gradient_start_position_1=&#8221;0&#8243; padding_top_1=&#8221;30px&#8221; padding_top_3=&#8221;74px&#8221; padding_right_1=&#8221;40px&#8221; padding_bottom_1=&#8221;30px&#8221; padding_left_1=&#8221;10vw&#8221; padding_1_tablet=&#8221;40px||20px||false&#8221; padding_2_tablet=&#8221;||||false&#8221; padding_3_tablet=&#8221;40px|||&#8221; padding_4_tablet=&#8221;20px||20px||true&#8221; padding_1_phone=&#8221;|||&#8221; padding_3_phone=&#8221;20px|||&#8221; padding_1_last_edited=&#8221;on|phone&#8221; padding_2_last_edited=&#8221;on|desktop&#8221; padding_3_last_edited=&#8221;off|desktop&#8221; padding_4_last_edited=&#8221;off|desktop&#8221; _builder_version=&#8221;3.22.3&#8243; use_background_color_gradient=&#8221;on&#8221; background_color_gradient_start=&#8221;rgba(255,255,255,0.4)&#8221; background_color_gradient_end=&#8221;rgba(255,255,255,0.88)&#8221; background_color_gradient_direction=&#8221;90deg&#8221; background_color_gradient_start_position=&#8221;70%&#8221; border_radii=&#8221;||10vw||&#8221; width=&#8221;90%&#8221; max_width=&#8221;90%&#8221; module_alignment=&#8221;left&#8221; custom_margin_tablet=&#8221;0vw|||&#8221; custom_margin_last_edited=&#8221;off|desktop&#8221; animation_style=&#8221;slide&#8221; animation_direction=&#8221;left&#8221; animation_intensity_slide=&#8221;3%&#8221; use_custom_width=&#8221;on&#8221; width_unit=&#8221;off&#8221; custom_width_percent=&#8221;90%&#8221; locked=&#8221;off&#8221;][et_pb_column type=&#8221;4_4&#8243; _builder_version=&#8221;3.12.2&#8243;][et_pb_post_title meta=&#8221;off&#8221; featured_image=&#8221;off&#8221; _builder_version=&#8221;3.21.1&#8243; title_font=&#8221;|700|||||||&#8221; title_text_color=&#8221;#ffffff&#8221; title_font_size=&#8221;70px&#8221; title_font_size_tablet=&#8221;48px&#8221; title_font_size_phone=&#8221;32px&#8221; title_font_size_last_edited=&#8221;on|desktop&#8221; title_line_height=&#8221;1.4em&#8221; title_5_font_size__hover=&#8221;16px&#8221; title_5_font_size__hover_enabled=&#8221;16px&#8221; title_5_letter_spacing__hover=&#8221;0px&#8221; title_5_letter_spacing__hover_enabled=&#8221;0px&#8221; title_5_line_height__hover=&#8221;1em&#8221; title_5_line_height__hover_enabled=&#8221;1em&#8221; title_5_text_shadow_style__hover=&#8221;none&#8221; title_5_text_shadow_style__hover_enabled=&#8221;none&#8221; title_5_text_shadow_color__hover=&#8221;rgba(0,0,0,0.4)&#8221; title_5_text_shadow_color__hover_enabled=&#8221;rgba(0,0,0,0.4)&#8221;][\/et_pb_post_title][\/et_pb_column][\/et_pb_row][\/et_pb_section][et_pb_section fb_built=&#8221;1&#8243; admin_label=&#8221;Contact Info&#8221; _builder_version=&#8221;3.22.3&#8243; custom_padding=&#8221;123px|0px|38px|0px|false|false&#8221;][et_pb_row _builder_version=&#8221;3.22.3&#8243;][et_pb_column type=&#8221;1_2&#8243; _builder_version=&#8221;3.21.1&#8243;][et_pb_text _builder_version=&#8221;3.22.7&#8243; custom_margin=&#8221;0px||14px|||&#8221;]<\/p>\n<h2>UNGHIE IN GEL<\/h2>\n<p>[\/et_pb_text][et_pb_divider divider_weight=&#8221;4px&#8221; _builder_version=&#8221;3.21.1&#8243; max_width=&#8221;100px&#8221; height=&#8221;2px&#8221; animation_style=&#8221;slide&#8221; animation_direction=&#8221;right&#8221; animation_intensity_slide=&#8221;8%&#8221;][\/et_pb_divider][et_pb_text _builder_version=&#8221;3.22.7&#8243;]<\/p>\n<p><span>Le unghie in gel sono un\u2019ottima alternativa per tutte quelle donne, che desiderano una manicure impeccabile: dalla classica monocromatica, alla piu compessa e di tendenza. Le unghie in gel sono una vera e propria tendenza di moda, perch\u00e9 resistono fino a 5 settimane. Nel nostro salone usiamo diverse tecniche di gelificazione e utilizziamo solo prodotti di alta qualit\u00e0. Vi offriamo le unghie in gel su mani e piedi, l\u2019allungamento al passo con gli ultimi trend e di varie forme. Possiamo arricchire le vostre unghie con nail art unici e con effetti di moda, come sono: effetto chrome (effetto specchio con lucentezza intensa), l\u2019elegante cat eyes (occhio di gatto), effetto olografico, disegni per varie occasioni e molto altro ancora.<\/span><\/p>\n<ul><\/ul>\n<p>[\/et_pb_text][et_pb_text _builder_version=&#8221;3.21.1&#8243; custom_margin=&#8221;60px||14px&#8221;]<\/p>\n<h2>GELISH<\/h2>\n<p>[\/et_pb_text][et_pb_divider divider_weight=&#8221;4px&#8221; _builder_version=&#8221;3.21.1&#8243; max_width=&#8221;100px&#8221; height=&#8221;2px&#8221; animation_style=&#8221;slide&#8221; animation_direction=&#8221;right&#8221; animation_intensity_slide=&#8221;8%&#8221;]V na\u0161em salonu strankam ponujamo le najbolj\u0161e in zato pri trajnem lakiranju nohtov uporabljamo vrhunske izdelke Gelish. Gre za tanek premaz barvnega laka, ki na nohtih deluje popolnoma naravno. Nana\u0161a se kot navaden lak, obstojen pa je kot gel. Permanentno lakiranje je revolucionarna novost; je obstojnej\u0161e in primerno za vse tiste, ki si \u017eelijo, da je lak na nohtih obstojen tudi do 4 tedne.<\/p>\n<p>Vsebuje keratin, ki nohte u\u010dvrsti, neguje in spodbuja rast. Gelish je v svetovni nohtni industriji na 1. mestu, saj gre za najbolj\u0161i, najhitrej\u0161i in najkakovostnej\u0161i proizvod med ogromno konkurenco Soak Off sistemov.[\/et_pb_divider][et_pb_text _builder_version=&#8221;3.22.7&#8243;]<\/p>\n<p><span>Nel nostro salone ai clienti offriamo solo il meglio, per questo per il smalto semipermanente usiamo i prodotti esclusivi della linea Gelish. Si tratta di uno strato sottile di smalto colorato, che sulle unghie ha un aspetto molto naturale. Si applica come uno smalto, ma e` resistente come un gel. Lo smalto semipermanente e` una novita` rivoluzionaria; e` addato a tutti quelli che desiderano lo smalto resistente fino a 4 settimane. Contiene cheratina, che rinforza le unghie, nutre e favorisce la crescita`. Gelish e` nel industria mondiale al primo posto \u2013 il migliore, il piu veloce ed il prodotto piu riconoscuto e di alta qualita in mezzo ad una vasta concorrenza di sistemi Soak Off.<\/span><\/p>\n<p>[\/et_pb_text][\/et_pb_column][et_pb_column type=&#8221;1_2&#8243; _builder_version=&#8221;3.21.1&#8243;][et_pb_text _builder_version=&#8221;3.21.1&#8243; custom_margin=&#8221;||14px&#8221;]<\/p>\n<h2>MAC (Make-up Art Cosmetics)<\/h2>\n<p>[\/et_pb_text][et_pb_divider divider_weight=&#8221;4px&#8221; _builder_version=&#8221;3.21.1&#8243; max_width=&#8221;100px&#8221; height=&#8221;2px&#8221; animation_style=&#8221;slide&#8221; animation_direction=&#8221;right&#8221; animation_intensity_slide=&#8221;8%&#8221;][\/et_pb_divider][et_pb_text _builder_version=&#8221;3.22.7&#8243;]<\/p>\n<p>Utilizziamo i cosmetici decorativi professionali della linea MAC, perche desideriamo evidenziare la vostra naturale bellezza e liberta` di esprimere la propria individualit\u00e0 e brillante personalit\u00e0.<\/p>\n<p>MAC e` uno degli migliori e magiormente riconusciuti marchi di make-up professionale, che insieme ai make-up artist piu noti, agli artisti e alle celebrit\u00e0 della cultura pop creano nuove tendenze di bellezza. Make-up Art Cosmetics (MAC) e`originaria del Canada, dalla cucina del fotografo Frank Toskan ed il proprietario Frank Angel, che hanno avuto il desiderio di mischiare i prodotti per mancanza di trucco addato per fotografie di alta moda. Usiamo una vasta e variegata \u00a0gamma di colori dei rossetti, ombretti, blush per le guance, matite, polveri, varie basi, e molto altro ancora. Uno dei prodotti piu amati e` il rossetto mat rosso intensiovo, al quale non ha potuto resistere neache Madonna, ed e` proprio con questo rossetto anche noi evidenziamo le vostre labbra nel salone MD.<\/p>\n<p>[\/et_pb_text][et_pb_text _builder_version=&#8221;3.22.7&#8243; custom_margin=&#8221;60px||14px&#8221;]<\/p>\n<h2>MODELLAZIONE SOPRACCIGLIA<\/h2>\n<p>[\/et_pb_text][et_pb_divider divider_weight=&#8221;4px&#8221; _builder_version=&#8221;3.21.1&#8243; max_width=&#8221;100px&#8221; height=&#8221;2px&#8221; animation_style=&#8221;slide&#8221; animation_direction=&#8221;right&#8221; animation_intensity_slide=&#8221;8%&#8221;]V na\u0161em salonu strankam ponujamo le najbolj\u0161e in zato pri trajnem lakiranju nohtov uporabljamo vrhunske izdelke Gelish. Gre za tanek premaz barvnega laka, ki na nohtih deluje popolnoma naravno. Nana\u0161a se kot navaden lak, obstojen pa je kot gel. Permanentno lakiranje je revolucionarna novost; je obstojnej\u0161e in primerno za vse tiste, ki si \u017eelijo, da je lak na nohtih obstojen tudi do 4 tedne.<\/p>\n<p>Vsebuje keratin, ki nohte u\u010dvrsti, neguje in spodbuja rast. Gelish je v svetovni nohtni industriji na 1. mestu, saj gre za najbolj\u0161i, najhitrej\u0161i in najkakovostnej\u0161i proizvod med ogromno konkurenco Soak Off sistemov.[\/et_pb_divider][et_pb_text _builder_version=&#8221;3.22.7&#8243;]<\/p>\n<p><span>Il modellamento delle sopracciglia e` un procedimento di bellezza, che richiede estrema precisione, un grande senso estetico e una mano ferma. Gia il piu piccolo cambiamento della loro forma puo trasformare i lineamenti del volto. Modelliamo le vostre sopracciglia, le accorciamo e le adattiamo al vostro volto.<\/span><\/p>\n<p>[\/et_pb_text][et_pb_text _builder_version=&#8221;3.22.7&#8243; custom_margin=&#8221;60px||14px&#8221;]<\/p>\n<h2>TINTURA CIGLIA E SOPRACCIGLIA<\/h2>\n<p>[\/et_pb_text][et_pb_divider divider_weight=&#8221;4px&#8221; _builder_version=&#8221;3.21.1&#8243; max_width=&#8221;100px&#8221; height=&#8221;2px&#8221; animation_style=&#8221;slide&#8221; animation_direction=&#8221;right&#8221; animation_intensity_slide=&#8221;8%&#8221;]V na\u0161em salonu strankam ponujamo le najbolj\u0161e in zato pri trajnem lakiranju nohtov uporabljamo vrhunske izdelke Gelish. Gre za tanek premaz barvnega laka, ki na nohtih deluje popolnoma naravno. Nana\u0161a se kot navaden lak, obstojen pa je kot gel. Permanentno lakiranje je revolucionarna novost; je obstojnej\u0161e in primerno za vse tiste, ki si \u017eelijo, da je lak na nohtih obstojen tudi do 4 tedne.<\/p>\n<p>Vsebuje keratin, ki nohte u\u010dvrsti, neguje in spodbuja rast. Gelish je v svetovni nohtni industriji na 1. mestu, saj gre za najbolj\u0161i, najhitrej\u0161i in najkakovostnej\u0161i proizvod med ogromno konkurenco Soak Off sistemov.[\/et_pb_divider][et_pb_text _builder_version=&#8221;3.22.7&#8243;]<\/p>\n<p><span>La tintura delle ciglia e` un procedimento molto comune e assolutamente indolore. Colora le vostre ciglia e con questo otteniamo un aspetto piu bello dell\u2019occhio. L\u2019effetto della tinta dura fino a un mese.<\/span><\/p>\n<p>[\/et_pb_text][\/et_pb_column][\/et_pb_row][\/et_pb_section][et_pb_section fb_built=&#8221;1&#8243; _builder_version=&#8221;3.22.3&#8243; custom_padding=&#8221;0px||0px&#8221;][et_pb_row use_custom_gutter=&#8221;on&#8221; gutter_width=&#8221;1&#8243; custom_padding=&#8221;0px||0px&#8221; module_class=&#8221; et_pb_row_fullwidth&#8221; _builder_version=&#8221;3.22.3&#8243; width=&#8221;100%&#8221; width_tablet=&#8221;100%&#8221; width_last_edited=&#8221;on|desktop&#8221; max_width=&#8221;100%&#8221; max_width_tablet=&#8221;100%&#8221; max_width_last_edited=&#8221;on|desktop&#8221; make_fullwidth=&#8221;on&#8221;][et_pb_column type=&#8221;4_4&#8243; _builder_version=&#8221;3.21.1&#8243;][et_pb_gallery gallery_ids=&#8221;283,282,280,279&#8243; show_title_and_caption=&#8221;off&#8221; show_pagination=&#8221;off&#8221; hover_overlay_color=&#8221;rgba(40,40,40,0.81)&#8221; module_class=&#8221;col-width&#8221; _builder_version=&#8221;3.21.1&#8243; pagination_font=&#8221;||||||||&#8221;][\/et_pb_gallery][\/et_pb_column][\/et_pb_row][\/et_pb_section][et_pb_section fb_built=&#8221;1&#8243; custom_padding_last_edited=&#8221;on|phone&#8221; admin_label=&#8221;Footer&#8221; module_id=&#8221;contatto&#8221; _builder_version=&#8221;3.22.7&#8243; background_image=&#8221;https:\/\/www.lepotamd.com\/wp-content\/uploads\/2019\/04\/footer-salon-lepota-md.jpg&#8221; custom_padding=&#8221;0px|0px|0|0px|false|false&#8221; custom_padding_phone=&#8221;|||&#8221; saved_tabs=&#8221;all&#8221; global_module=&#8221;744&#8243;][et_pb_row use_custom_gutter=&#8221;on&#8221; gutter_width=&#8221;1&#8243; custom_padding=&#8221;0|0px|0|0px|false|false&#8221; make_equal=&#8221;on&#8221; background_color_1=&#8221;#c09e6f&#8221; background_color_2=&#8221;#282828&#8243; padding_top_bottom_link_1=&#8221;true&#8221; padding_top_1=&#8221;39px&#8221; padding_bottom_1=&#8221;39px&#8221; padding_left_1=&#8221;10vw&#8221; _builder_version=&#8221;3.22.3&#8243; border_radii=&#8221;|||300px|&#8221; box_shadow_style=&#8221;preset3&#8243; box_shadow_blur=&#8221;23px&#8221; width=&#8221;90%&#8221; max_width=&#8221;90%&#8221; module_alignment=&#8221;left&#8221; use_custom_width=&#8221;on&#8221; width_unit=&#8221;off&#8221; custom_width_percent=&#8221;90%&#8221; background_color_2__hover_enabled=&#8221;on&#8221; background_color_2__hover=&#8221;#000000&#8243; border_radii__hover_enabled=&#8221;on&#8221; border_radii__hover=&#8221;|||0px|&#8221;][et_pb_column type=&#8221;3_5&#8243; _builder_version=&#8221;3.21.1&#8243;][et_pb_text _builder_version=&#8221;3.22.7&#8243; text_font=&#8221;|700|||||||&#8221; text_text_color=&#8221;#282828&#8243; text_font_size=&#8221;16px&#8221; text_letter_spacing=&#8221;1px&#8221; header_font=&#8221;||||||||&#8221; header_2_font=&#8221;|700|||||||&#8221; header_2_text_color=&#8221;#282828&#8243; header_2_font_size=&#8221;33px&#8221; custom_padding=&#8221;|||0px&#8221;]BENVENUTO<\/p>\n<h2>Prenota il tuo appuntamento<\/h2>\n<p>[\/et_pb_text][\/et_pb_column][et_pb_column type=&#8221;2_5&#8243; _builder_version=&#8221;3.21.1&#8243;][et_pb_button button_url=&#8221;https:\/\/www.lepotamd.com\/it\/prenotazione-e-contatto\/&#8221; button_text=&#8221;PRENOTA ORA&#8221; button_alignment=&#8221;center&#8221; _builder_version=&#8221;3.22.7&#8243; custom_button=&#8221;on&#8221; button_text_color=&#8221;#ffffff&#8221; button_font=&#8221;||||||||&#8221; button_icon=&#8221;%%3%%&#8221; custom_margin=&#8221;47px||&#8221;][\/et_pb_button][\/et_pb_column][\/et_pb_row][et_pb_row custom_margin=&#8221;20px||20px||true&#8221; _builder_version=&#8221;3.22.3&#8243;][et_pb_column type=&#8221;4_4&#8243; _builder_version=&#8221;3.19&#8243;][et_pb_social_media_follow _builder_version=&#8221;3.21.1&#8243; border_radii=&#8221;on|100px|100px|100px|100px&#8221; text_orientation=&#8221;center&#8221;][et_pb_social_media_follow_network social_network=&#8221;facebook&#8221; url=&#8221;http:\/\/www.facebook.com\/lepotamd&#8221; _builder_version=&#8221;3.21.1&#8243; background_color=&#8221;#c09e6f&#8221; custom_margin=&#8221;|5px||5px||true&#8221; custom_padding=&#8221;10px|10px|10px|10px|true|true&#8221; follow_button=&#8221;off&#8221; url_new_window=&#8221;on&#8221;]facebook[\/et_pb_social_media_follow_network][et_pb_social_media_follow_network social_network=&#8221;instagram&#8221; url=&#8221;http:\/\/instagram.com\/lepota__md&#8221; _builder_version=&#8221;3.21.1&#8243; background_color=&#8221;#c09e6f&#8221; custom_margin=&#8221;|5px||5px||true&#8221; custom_padding=&#8221;10px|10px|10px|10px|true|true&#8221; follow_button=&#8221;off&#8221; url_new_window=&#8221;on&#8221;]instagram[\/et_pb_social_media_follow_network][\/et_pb_social_media_follow][\/et_pb_column][\/et_pb_row][et_pb_row custom_padding=&#8221;27px|0px|80px|0px|false|false&#8221; _builder_version=&#8221;3.22.3&#8243;][et_pb_column type=&#8221;1_3&#8243; _builder_version=&#8221;3.21.1&#8243;][et_pb_blurb title=&#8221;ORARI DI APERTURA&#8221; _builder_version=&#8221;3.22.7&#8243; header_font=&#8221;||||||||&#8221; header_text_color=&#8221;#ffffff&#8221; header_font_size=&#8221;22px&#8221; body_font=&#8221;||||||||&#8221; body_text_color=&#8221;#ffffff&#8221;]<\/p>\n<p>Lunedi: 14:00 \u2013 19:00<\/p>\n<p>Marted\u00ec-Venerd\u00ec: 08:00 \u2013 19:00<\/p>\n<p>Sabato: 08:00 \u2013 15:00<\/p>\n<p>Domenica e festivi: CHIUSO<\/p>\n<p>[\/et_pb_blurb][\/et_pb_column][et_pb_column type=&#8221;1_3&#8243; _builder_version=&#8221;3.21.1&#8243;][et_pb_blurb title=&#8221;POSIZIONE&#8221; _builder_version=&#8221;3.22.7&#8243; header_font=&#8221;||||||||&#8221; header_text_color=&#8221;#ffffff&#8221; header_font_size=&#8221;22px&#8221; body_font=&#8221;||||||||&#8221; body_text_color=&#8221;#ffffff&#8221;]Kolodvorska cesta 1<\/p>\n<p>6000 Koper, Slovenia[\/et_pb_blurb][\/et_pb_column][et_pb_column type=&#8221;1_3&#8243; _builder_version=&#8221;3.21.1&#8243;][et_pb_blurb title=&#8221;TELEFONO&#8221; _builder_version=&#8221;3.22.7&#8243; header_font=&#8221;||||||||&#8221; header_text_color=&#8221;#ffffff&#8221; header_font_size=&#8221;22px&#8221; body_font=&#8221;||||||||&#8221; body_text_color=&#8221;#ffffff&#8221;]+ 386 64 117 111[\/et_pb_blurb][et_pb_blurb title=&#8221;EMAIL&#8221; _builder_version=&#8221;3.21.1&#8243; header_font=&#8221;||||||||&#8221; header_text_color=&#8221;#ffffff&#8221; header_font_size=&#8221;22px&#8221; body_font=&#8221;||||||||&#8221; body_text_color=&#8221;#ffffff&#8221;]info@salonlepotamd.si[\/et_pb_blurb][\/et_pb_column][\/et_pb_row][et_pb_row use_custom_gutter=&#8221;on&#8221; gutter_width=&#8221;1&#8243; module_class=&#8221; et_pb_row_fullwidth&#8221; _builder_version=&#8221;3.22.3&#8243; background_color=&#8221;#282828&#8243; width=&#8221;100%&#8221; width_tablet=&#8221;100%&#8221; width_last_edited=&#8221;on|desktop&#8221; max_width=&#8221;100%&#8221; max_width_tablet=&#8221;100%&#8221; max_width_last_edited=&#8221;on|desktop&#8221; make_fullwidth=&#8221;on&#8221;][et_pb_column type=&#8221;4_4&#8243; _builder_version=&#8221;3.21.1&#8243;][et_pb_text _builder_version=&#8221;3.22.7&#8243; text_font=&#8221;||||||||&#8221; text_text_color=&#8221;#c09e6f&#8221; link_font=&#8221;||||||||&#8221; link_text_align=&#8221;center&#8221; link_text_color=&#8221;#c09e6f&#8221; text_orientation=&#8221;center&#8221;]\u00a9 Salon Lepota MD 2019 | Tutti i diritti riservati | <a href=\"\/varstvo-osebnih-podatkov\/\">Politica sulla riservatezza<\/a> | <a href=\"https:\/\/www.splet99.net\">Web design<\/a>: www.splet99.net[\/et_pb_text][\/et_pb_column][\/et_pb_row][\/et_pb_section]<\/p>\n","protected":false},"excerpt":{"rendered":"<p>+386 64 117 111\u00a0\u00a0\u00a0\/\/\u00a0\u00a0\u00a0 info@salonlepotamd.si\u00a0\u00a0\u00a0\/\/\u00a0\u00a0\u00a0 Orari di apertura+386 64 117 111 info@salonlepotamd.si UNGHIE IN GELLe unghie in gel sono un\u2019ottima alternativa per tutte quelle donne, che desiderano una manicure impeccabile: dalla classica monocromatica, alla piu compessa e di tendenza. Le unghie in gel sono una vera e propria tendenza di moda, perch\u00e9 resistono fino a [&hellip;]<\/p>\n","protected":false},"author":1,"featured_media":0,"parent":757,"menu_order":0,"comment_status":"closed","ping_status":"closed","template":"page-template-blank.php","meta":{"_seopress_robots_primary_cat":"","_seopress_titles_title":"","_seopress_titles_desc":"","_seopress_robots_index":"","_et_pb_use_builder":"on","_et_pb_old_content":"","_et_gb_content_width":"","footnotes":""},"class_list":["post-853","page","type-page","status-publish","hentry"],"_links":{"self":[{"href":"https:\/\/www.lepotamd.com\/it\/wp-json\/wp\/v2\/pages\/853","targetHints":{"allow":["GET"]}}],"collection":[{"href":"https:\/\/www.lepotamd.com\/it\/wp-json\/wp\/v2\/pages"}],"about":[{"href":"https:\/\/www.lepotamd.com\/it\/wp-json\/wp\/v2\/types\/page"}],"author":[{"embeddable":true,"href":"https:\/\/www.lepotamd.com\/it\/wp-json\/wp\/v2\/users\/1"}],"replies":[{"embeddable":true,"href":"https:\/\/www.lepotamd.com\/it\/wp-json\/wp\/v2\/comments?post=853"}],"version-history":[{"count":2,"href":"https:\/\/www.lepotamd.com\/it\/wp-json\/wp\/v2\/pages\/853\/revisions"}],"predecessor-version":[{"id":859,"href":"https:\/\/www.lepotamd.com\/it\/wp-json\/wp\/v2\/pages\/853\/revisions\/859"}],"up":[{"embeddable":true,"href":"https:\/\/www.lepotamd.com\/it\/wp-json\/wp\/v2\/pages\/757"}],"wp:attachment":[{"href":"https:\/\/www.lepotamd.com\/it\/wp-json\/wp\/v2\/media?parent=853"}],"curies":[{"name":"wp","href":"https:\/\/api.w.org\/{rel}","templated":true}]}}